{"id":1122,"date":"2024-01-18T12:30:08","date_gmt":"2024-01-18T11:30:08","guid":{"rendered":"https:\/\/www.farmasanto.it\/2020\/blog\/?page_id=1122"},"modified":"2024-01-20T10:34:55","modified_gmt":"2024-01-20T09:34:55","slug":"holter-pressorio","status":"publish","type":"page","link":"https:\/\/www.farmasanto.it\/2020\/blog\/index.php\/holter-pressorio\/","title":{"rendered":"Holter pressorio"},"content":{"rendered":"\n<p><\/p>\n\n\n\n<div class=\"wp-block-media-text is-stacked-on-mobile\" style=\"grid-template-columns:47% auto\"><figure class=\"wp-block-media-text__media\"><img loading=\"lazy\" decoding=\"async\" width=\"1008\" height=\"722\" src=\"https:\/\/www.farmasanto.it\/2020\/blog\/wp-content\/uploads\/2024\/01\/holterSqLogo_ok.png\" alt=\"\" class=\"wp-image-1136 size-full\" srcset=\"https:\/\/www.farmasanto.it\/2020\/blog\/wp-content\/uploads\/2024\/01\/holterSqLogo_ok.png 1008w, https:\/\/www.farmasanto.it\/2020\/blog\/wp-content\/uploads\/2024\/01\/holterSqLogo_ok-300x215.png 300w, https:\/\/www.farmasanto.it\/2020\/blog\/wp-content\/uploads\/2024\/01\/holterSqLogo_ok-768x550.png 768w, https:\/\/www.farmasanto.it\/2020\/blog\/wp-content\/uploads\/2024\/01\/holterSqLogo_ok-465x333.png 465w, https:\/\/www.farmasanto.it\/2020\/blog\/wp-content\/uploads\/2024\/01\/holterSqLogo_ok-695x498.png 695w\" sizes=\"auto, (max-width: 1008px) 100vw, 1008px\" \/><\/figure><div class=\"wp-block-media-text__content\">\n<p>Nuovo servizio holter pressorio. senza attese, refertazione dal cardiologo in 24 ore.<br>Utilizziamo un apparecchio dotato della tecnologia pi\u00f9 avanzata dotato di regolazione gonfiaggio e sgonfiaggio digitali in grado di memorizzare anche eventi segnalati dall&#8217;utente, il tutto in un fattore di forma contenuto e poco ingombrante. La pressione di gonfiaggio non \u00e8 fissa ma dinamica, ci\u00f2 significa che dar\u00e0 il minimo disturbo al braccio perch\u00e9 il gonfiaggio \u00e8 dinamicamente regolato in base alla pressione.<\/p>\n\n\n\n<p>Prenota in farmacia allo 0445 387018 &#8211;<\/p>\n<\/div><\/div>\n\n\n\n<p>Di cosa si tratta?<\/p>\n\n\n\n<p>L&#8217;holter pressorio \u00e8 un esame diagnostico che permette di misurare la pressione arteriosa di una persona a intervalli regolari, in un arco di tempo della durata di 24 ore. In altre parole, l&#8217;holter pressorio consiste in un monitoraggio periodico della pressione arteriosa, lungo in tutto un&#8217;intera giornata.<\/p>\n\n\n\n<p>Questo esame \u00e8 utile in diversi casi, tra cui:<\/p>\n\n\n\n<ul class=\"wp-block-list\">\n<li><strong>Per diagnosticare l&#8217;ipertensione o l&#8217;ipotensione<\/strong>. La misurazione della pressione arteriosa in un singolo momento pu\u00f2 non essere sufficiente a diagnosticare questi disturbi, in quanto i valori pressori possono variare nel corso della giornata. L&#8217;holter pressorio consente di ottenere una visione pi\u00f9 completa dell&#8217;andamento della pressione arteriosa, e di identificare eventuali valori elevati o bassi che potrebbero indicare la presenza di un problema.<\/li>\n\n\n\n<li><strong>Per valutare l&#8217;efficacia di un trattamento per l&#8217;ipertensione<\/strong>. L&#8217;holter pressorio pu\u00f2 essere utilizzato per monitorare i valori pressori durante un trattamento farmacologico per l&#8217;ipertensione, al fine di valutare l&#8217;efficacia del trattamento stesso.<\/li>\n\n\n\n<li><strong>Per diagnosticare o monitorare altri disturbi legati alla pressione arteriosa<\/strong>. L&#8217;holter pressorio pu\u00f2 essere utile anche per diagnosticare o monitorare altri disturbi legati alla pressione arteriosa, come l&#8217;ipertensione notturna, l&#8217;ipertensione da stress o l&#8217;ipertensione da farmaci.<\/li>\n<\/ul>\n","protected":false},"excerpt":{"rendered":"<p>Nuovo servizio holter pressorio. senza attese, refertazione dal cardiologo in 24 ore.Utilizziamo un apparecchio dotato della tecnologia pi\u00f9 avanzata dotato di regolazione gonfiaggio e sgonfiaggio digitali in grado di memorizzare anche eventi segnalati dall&#8217;utente, il tutto in un fattore di forma contenuto e poco ingombrante. La pressione di gonfiaggio non<span class=\"more-link\"><a href=\"https:\/\/www.farmasanto.it\/2020\/blog\/index.php\/holter-pressorio\/\">Leggi articolo<\/a><\/span><\/p>\n","protected":false},"author":1,"featured_media":0,"parent":0,"menu_order":0,"comment_status":"closed","ping_status":"closed","template":"","meta":{"footnotes":""},"class_list":["entry","author-davide","post-1122","page","type-page","status-publish"],"aioseo_notices":[],"_links":{"self":[{"href":"https:\/\/www.farmasanto.it\/2020\/blog\/index.php\/wp-json\/wp\/v2\/pages\/1122","targetHints":{"allow":["GET"]}}],"collection":[{"href":"https:\/\/www.farmasanto.it\/2020\/blog\/index.php\/wp-json\/wp\/v2\/pages"}],"about":[{"href":"https:\/\/www.farmasanto.it\/2020\/blog\/index.php\/wp-json\/wp\/v2\/types\/page"}],"author":[{"embeddable":true,"href":"https:\/\/www.farmasanto.it\/2020\/blog\/index.php\/wp-json\/wp\/v2\/users\/1"}],"replies":[{"embeddable":true,"href":"https:\/\/www.farmasanto.it\/2020\/blog\/index.php\/wp-json\/wp\/v2\/comments?post=1122"}],"version-history":[{"count":4,"href":"https:\/\/www.farmasanto.it\/2020\/blog\/index.php\/wp-json\/wp\/v2\/pages\/1122\/revisions"}],"predecessor-version":[{"id":1138,"href":"https:\/\/www.farmasanto.it\/2020\/blog\/index.php\/wp-json\/wp\/v2\/pages\/1122\/revisions\/1138"}],"wp:attachment":[{"href":"https:\/\/www.farmasanto.it\/2020\/blog\/index.php\/wp-json\/wp\/v2\/media?parent=1122"}],"curies":[{"name":"wp","href":"https:\/\/api.w.org\/{rel}","templated":true}]}}