{"id":7,"date":"2020-09-27T17:49:13","date_gmt":"2020-09-27T15:49:13","guid":{"rendered":"http:\/\/www.farmasanto.it\/2020\/blog\/?page_id=7"},"modified":"2023-04-15T12:38:17","modified_gmt":"2023-04-15T10:38:17","slug":"chi-siamo","status":"publish","type":"page","link":"https:\/\/www.farmasanto.it\/2020\/blog\/index.php\/chi-siamo\/","title":{"rendered":"Chi siamo"},"content":{"rendered":"<div class=\"wp-block-image is-style-default\">\n<figure class=\"alignleft size-large is-resized\"><img loading=\"lazy\" decoding=\"async\" src=\"http:\/\/www.farmasanto.it\/2020\/blog\/wp-content\/uploads\/2020\/09\/DAVIDE.jpg\" alt=\"\" class=\"wp-image-78\" width=\"116\" height=\"120\" srcset=\"https:\/\/www.farmasanto.it\/2020\/blog\/wp-content\/uploads\/2020\/09\/DAVIDE.jpg 876w, https:\/\/www.farmasanto.it\/2020\/blog\/wp-content\/uploads\/2020\/09\/DAVIDE-287x300.jpg 287w, https:\/\/www.farmasanto.it\/2020\/blog\/wp-content\/uploads\/2020\/09\/DAVIDE-768x802.jpg 768w\" sizes=\"auto, (max-width: 116px) 100vw, 116px\" \/><figcaption class=\"wp-element-caption\">Davide Chiarello -Titolare<\/figcaption><\/figure>\n<\/div>\n\n\n<p>Davide Chiarello \u00e8 il titolare direttore amministrativo dall\u2019et\u00e0 di 18 anni di farmacia rurale di 800 abitanti (Vighizzolo d\u2019Este \u2013 Padova) in seguito al decesso prematuro del padre ha lavorato fianco a fianco col medico di paese dal 1996 al 2005 in una realt\u00e0 dove il lavoro del farmacista assieme a medico e sacerdote sono il punto di riferimento del paese.<\/p>\n\n\n\n<p>Successivamente si \u00e8 trasferito a Thiene dove ha rilevato la farmacia al Santo che gestisce tutt\u2019ora.<\/p>\n\n\n\n<p>Appassionato di informatica e programmazione ha sviluppato per l\u2019associazione un software per la programmazione dei turni notturni delle farmacie e la<a href=\"https:\/\/www.farmasanto.it\/2020\/blog\/index.php\/farmacie-di-turno\/\" target=\"_blank\" rel=\"noreferrer noopener\"> relativa app.<\/a><\/p>\n\n\n\n<p>Entra in consiglio nel 2020 come vice presidente per assistere l\u2019associazione Federfarma Vicenza nelle scelte inerenti la digitalizzazione sempre pi\u00f9 importante per il lavoro in ambito sanitario.<\/p>\n\n\n\n<p><\/p>\n\n\n\n<p id=\"block-58dab827-d9d4-4192-b3bc-714cb6735ec4\"><strong>ORARI DI APERTURA <br>da<\/strong> <strong>luned\u00ec a Venerd\u00ec<\/strong>  08.15\u201313, 15:30\u201319:30<br><strong>sabato<\/strong>  08:30\u201312:30, 15:30\u201319<br><strong>domenica<\/strong> Chiuso<\/p>\n\n\n\n<div class=\"wp-block-buttons is-content-justification-center is-layout-flex wp-container-core-buttons-is-layout-16018d1d wp-block-buttons-is-layout-flex\">\n<div class=\"wp-block-button\"><a class=\"wp-block-button__link has-vivid-cyan-blue-background-color has-background wp-element-button\" href=\"https:\/\/goo.gl\/maps\/VGgcgrgf1pUihhdQ6\" style=\"border-radius:100px\">NAVIGA CON MAPS<\/a><\/div>\n<\/div>\n\n\n\n<p>Vi aspettiamo nei nuovi locali adiacenti alla sede precedente! Pi\u00f9 spazio pi\u00f9 confort pi\u00f9 sicurezza pi\u00f9 servizi e tutto il nostro supporto di sempre per i nostri amati clienti!<\/p>\n\n\n\n<figure class=\"wp-block-gallery has-nested-images columns-2 is-cropped wp-block-gallery-1 is-layout-flex wp-block-gallery-is-layout-flex\">\n<figure class=\"wp-block-image size-large\"><img loading=\"lazy\" decoding=\"async\" width=\"1024\" height=\"574\" data-id=\"231\" src=\"https:\/\/www.farmasanto.it\/2020\/blog\/wp-content\/uploads\/2020\/09\/DSC02408-1024x574.jpg\" alt=\"\" class=\"wp-image-231\" srcset=\"https:\/\/www.farmasanto.it\/2020\/blog\/wp-content\/uploads\/2020\/09\/DSC02408-1024x574.jpg 1024w, https:\/\/www.farmasanto.it\/2020\/blog\/wp-content\/uploads\/2020\/09\/DSC02408-300x168.jpg 300w, https:\/\/www.farmasanto.it\/2020\/blog\/wp-content\/uploads\/2020\/09\/DSC02408-768x431.jpg 768w, https:\/\/www.farmasanto.it\/2020\/blog\/wp-content\/uploads\/2020\/09\/DSC02408-1536x862.jpg 1536w, https:\/\/www.farmasanto.it\/2020\/blog\/wp-content\/uploads\/2020\/09\/DSC02408-2048x1149.jpg 2048w, https:\/\/www.farmasanto.it\/2020\/blog\/wp-content\/uploads\/2020\/09\/DSC02408-465x261.jpg 465w, https:\/\/www.farmasanto.it\/2020\/blog\/wp-content\/uploads\/2020\/09\/DSC02408-695x390.jpg 695w\" sizes=\"auto, (max-width: 1024px) 100vw, 1024px\" \/><\/figure>\n\n\n\n<figure class=\"wp-block-image size-large\"><img loading=\"lazy\" decoding=\"async\" width=\"1024\" height=\"574\" data-id=\"230\" src=\"https:\/\/www.farmasanto.it\/2020\/blog\/wp-content\/uploads\/2020\/09\/DSC02409-1024x574.jpg\" alt=\"\" class=\"wp-image-230\" srcset=\"https:\/\/www.farmasanto.it\/2020\/blog\/wp-content\/uploads\/2020\/09\/DSC02409-1024x574.jpg 1024w, https:\/\/www.farmasanto.it\/2020\/blog\/wp-content\/uploads\/2020\/09\/DSC02409-300x168.jpg 300w, https:\/\/www.farmasanto.it\/2020\/blog\/wp-content\/uploads\/2020\/09\/DSC02409-768x431.jpg 768w, https:\/\/www.farmasanto.it\/2020\/blog\/wp-content\/uploads\/2020\/09\/DSC02409-1536x862.jpg 1536w, https:\/\/www.farmasanto.it\/2020\/blog\/wp-content\/uploads\/2020\/09\/DSC02409-2048x1149.jpg 2048w, https:\/\/www.farmasanto.it\/2020\/blog\/wp-content\/uploads\/2020\/09\/DSC02409-465x261.jpg 465w, https:\/\/www.farmasanto.it\/2020\/blog\/wp-content\/uploads\/2020\/09\/DSC02409-695x390.jpg 695w\" sizes=\"auto, (max-width: 1024px) 100vw, 1024px\" \/><\/figure>\n\n\n\n<figure class=\"wp-block-image size-large\"><img loading=\"lazy\" decoding=\"async\" width=\"1024\" height=\"574\" data-id=\"226\" src=\"https:\/\/www.farmasanto.it\/2020\/blog\/wp-content\/uploads\/2020\/09\/DSC02412-1024x574.jpg\" alt=\"\" class=\"wp-image-226\" srcset=\"https:\/\/www.farmasanto.it\/2020\/blog\/wp-content\/uploads\/2020\/09\/DSC02412-1024x574.jpg 1024w, https:\/\/www.farmasanto.it\/2020\/blog\/wp-content\/uploads\/2020\/09\/DSC02412-300x168.jpg 300w, https:\/\/www.farmasanto.it\/2020\/blog\/wp-content\/uploads\/2020\/09\/DSC02412-768x431.jpg 768w, https:\/\/www.farmasanto.it\/2020\/blog\/wp-content\/uploads\/2020\/09\/DSC02412-1536x862.jpg 1536w, https:\/\/www.farmasanto.it\/2020\/blog\/wp-content\/uploads\/2020\/09\/DSC02412-2048x1149.jpg 2048w, https:\/\/www.farmasanto.it\/2020\/blog\/wp-content\/uploads\/2020\/09\/DSC02412-465x261.jpg 465w, https:\/\/www.farmasanto.it\/2020\/blog\/wp-content\/uploads\/2020\/09\/DSC02412-695x390.jpg 695w\" sizes=\"auto, (max-width: 1024px) 100vw, 1024px\" \/><\/figure>\n\n\n\n<figure class=\"wp-block-image size-large\"><img loading=\"lazy\" decoding=\"async\" width=\"1024\" height=\"574\" data-id=\"236\" src=\"https:\/\/www.farmasanto.it\/2020\/blog\/wp-content\/uploads\/2020\/09\/DSC02403-1024x574.jpg\" alt=\"\" class=\"wp-image-236\" srcset=\"https:\/\/www.farmasanto.it\/2020\/blog\/wp-content\/uploads\/2020\/09\/DSC02403-1024x574.jpg 1024w, https:\/\/www.farmasanto.it\/2020\/blog\/wp-content\/uploads\/2020\/09\/DSC02403-300x168.jpg 300w, https:\/\/www.farmasanto.it\/2020\/blog\/wp-content\/uploads\/2020\/09\/DSC02403-768x431.jpg 768w, https:\/\/www.farmasanto.it\/2020\/blog\/wp-content\/uploads\/2020\/09\/DSC02403-1536x862.jpg 1536w, https:\/\/www.farmasanto.it\/2020\/blog\/wp-content\/uploads\/2020\/09\/DSC02403-2048x1149.jpg 2048w, https:\/\/www.farmasanto.it\/2020\/blog\/wp-content\/uploads\/2020\/09\/DSC02403-465x261.jpg 465w, https:\/\/www.farmasanto.it\/2020\/blog\/wp-content\/uploads\/2020\/09\/DSC02403-695x390.jpg 695w\" sizes=\"auto, (max-width: 1024px) 100vw, 1024px\" \/><\/figure>\n\n\n\n<figure class=\"wp-block-image size-large\"><img loading=\"lazy\" decoding=\"async\" width=\"1024\" height=\"574\" data-id=\"233\" src=\"https:\/\/www.farmasanto.it\/2020\/blog\/wp-content\/uploads\/2020\/09\/DSC02406-1024x574.jpg\" alt=\"\" class=\"wp-image-233\" srcset=\"https:\/\/www.farmasanto.it\/2020\/blog\/wp-content\/uploads\/2020\/09\/DSC02406-1024x574.jpg 1024w, https:\/\/www.farmasanto.it\/2020\/blog\/wp-content\/uploads\/2020\/09\/DSC02406-300x168.jpg 300w, https:\/\/www.farmasanto.it\/2020\/blog\/wp-content\/uploads\/2020\/09\/DSC02406-768x431.jpg 768w, https:\/\/www.farmasanto.it\/2020\/blog\/wp-content\/uploads\/2020\/09\/DSC02406-1536x862.jpg 1536w, https:\/\/www.farmasanto.it\/2020\/blog\/wp-content\/uploads\/2020\/09\/DSC02406-2048x1149.jpg 2048w, https:\/\/www.farmasanto.it\/2020\/blog\/wp-content\/uploads\/2020\/09\/DSC02406-465x261.jpg 465w, https:\/\/www.farmasanto.it\/2020\/blog\/wp-content\/uploads\/2020\/09\/DSC02406-695x390.jpg 695w\" sizes=\"auto, (max-width: 1024px) 100vw, 1024px\" \/><\/figure>\n\n\n\n<figure class=\"wp-block-image size-large\"><img loading=\"lazy\" decoding=\"async\" width=\"1024\" height=\"574\" data-id=\"234\" src=\"https:\/\/www.farmasanto.it\/2020\/blog\/wp-content\/uploads\/2020\/09\/DSC02405-1024x574.jpg\" alt=\"\" class=\"wp-image-234\" srcset=\"https:\/\/www.farmasanto.it\/2020\/blog\/wp-content\/uploads\/2020\/09\/DSC02405-1024x574.jpg 1024w, https:\/\/www.farmasanto.it\/2020\/blog\/wp-content\/uploads\/2020\/09\/DSC02405-300x168.jpg 300w, https:\/\/www.farmasanto.it\/2020\/blog\/wp-content\/uploads\/2020\/09\/DSC02405-768x431.jpg 768w, https:\/\/www.farmasanto.it\/2020\/blog\/wp-content\/uploads\/2020\/09\/DSC02405-1536x862.jpg 1536w, https:\/\/www.farmasanto.it\/2020\/blog\/wp-content\/uploads\/2020\/09\/DSC02405-2048x1149.jpg 2048w, https:\/\/www.farmasanto.it\/2020\/blog\/wp-content\/uploads\/2020\/09\/DSC02405-465x261.jpg 465w, https:\/\/www.farmasanto.it\/2020\/blog\/wp-content\/uploads\/2020\/09\/DSC02405-695x390.jpg 695w\" sizes=\"auto, (max-width: 1024px) 100vw, 1024px\" \/><\/figure>\n\n\n\n<figure class=\"wp-block-image size-large\"><img loading=\"lazy\" decoding=\"async\" width=\"1024\" height=\"574\" data-id=\"232\" src=\"https:\/\/www.farmasanto.it\/2020\/blog\/wp-content\/uploads\/2020\/09\/DSC02407-1024x574.jpg\" alt=\"\" class=\"wp-image-232\" srcset=\"https:\/\/www.farmasanto.it\/2020\/blog\/wp-content\/uploads\/2020\/09\/DSC02407-1024x574.jpg 1024w, https:\/\/www.farmasanto.it\/2020\/blog\/wp-content\/uploads\/2020\/09\/DSC02407-300x168.jpg 300w, https:\/\/www.farmasanto.it\/2020\/blog\/wp-content\/uploads\/2020\/09\/DSC02407-768x431.jpg 768w, https:\/\/www.farmasanto.it\/2020\/blog\/wp-content\/uploads\/2020\/09\/DSC02407-1536x862.jpg 1536w, https:\/\/www.farmasanto.it\/2020\/blog\/wp-content\/uploads\/2020\/09\/DSC02407-2048x1149.jpg 2048w, https:\/\/www.farmasanto.it\/2020\/blog\/wp-content\/uploads\/2020\/09\/DSC02407-465x261.jpg 465w, https:\/\/www.farmasanto.it\/2020\/blog\/wp-content\/uploads\/2020\/09\/DSC02407-695x390.jpg 695w\" sizes=\"auto, (max-width: 1024px) 100vw, 1024px\" \/><\/figure>\n\n\n\n<figure class=\"wp-block-image size-large\"><img loading=\"lazy\" decoding=\"async\" width=\"1024\" height=\"574\" data-id=\"227\" src=\"https:\/\/www.farmasanto.it\/2020\/blog\/wp-content\/uploads\/2020\/09\/DSC02411-1024x574.jpg\" alt=\"\" class=\"wp-image-227\" srcset=\"https:\/\/www.farmasanto.it\/2020\/blog\/wp-content\/uploads\/2020\/09\/DSC02411-1024x574.jpg 1024w, https:\/\/www.farmasanto.it\/2020\/blog\/wp-content\/uploads\/2020\/09\/DSC02411-300x168.jpg 300w, https:\/\/www.farmasanto.it\/2020\/blog\/wp-content\/uploads\/2020\/09\/DSC02411-768x431.jpg 768w, https:\/\/www.farmasanto.it\/2020\/blog\/wp-content\/uploads\/2020\/09\/DSC02411-1536x862.jpg 1536w, https:\/\/www.farmasanto.it\/2020\/blog\/wp-content\/uploads\/2020\/09\/DSC02411-2048x1149.jpg 2048w, https:\/\/www.farmasanto.it\/2020\/blog\/wp-content\/uploads\/2020\/09\/DSC02411-465x261.jpg 465w, https:\/\/www.farmasanto.it\/2020\/blog\/wp-content\/uploads\/2020\/09\/DSC02411-695x390.jpg 695w\" sizes=\"auto, (max-width: 1024px) 100vw, 1024px\" \/><\/figure>\n\n\n\n<figure class=\"wp-block-image size-large\"><img loading=\"lazy\" decoding=\"async\" width=\"1024\" height=\"574\" data-id=\"229\" src=\"https:\/\/www.farmasanto.it\/2020\/blog\/wp-content\/uploads\/2020\/09\/DSC02410-1024x574.jpg\" alt=\"\" class=\"wp-image-229\" srcset=\"https:\/\/www.farmasanto.it\/2020\/blog\/wp-content\/uploads\/2020\/09\/DSC02410-1024x574.jpg 1024w, https:\/\/www.farmasanto.it\/2020\/blog\/wp-content\/uploads\/2020\/09\/DSC02410-300x168.jpg 300w, https:\/\/www.farmasanto.it\/2020\/blog\/wp-content\/uploads\/2020\/09\/DSC02410-768x431.jpg 768w, https:\/\/www.farmasanto.it\/2020\/blog\/wp-content\/uploads\/2020\/09\/DSC02410-1536x862.jpg 1536w, https:\/\/www.farmasanto.it\/2020\/blog\/wp-content\/uploads\/2020\/09\/DSC02410-2048x1149.jpg 2048w, https:\/\/www.farmasanto.it\/2020\/blog\/wp-content\/uploads\/2020\/09\/DSC02410-465x261.jpg 465w, https:\/\/www.farmasanto.it\/2020\/blog\/wp-content\/uploads\/2020\/09\/DSC02410-695x390.jpg 695w\" sizes=\"auto, (max-width: 1024px) 100vw, 1024px\" \/><\/figure>\n\n\n\n<figure class=\"wp-block-image size-large\"><img loading=\"lazy\" decoding=\"async\" width=\"1024\" height=\"574\" data-id=\"235\" src=\"https:\/\/www.farmasanto.it\/2020\/blog\/wp-content\/uploads\/2020\/09\/DSC02404-1024x574.jpg\" alt=\"\" class=\"wp-image-235\" srcset=\"https:\/\/www.farmasanto.it\/2020\/blog\/wp-content\/uploads\/2020\/09\/DSC02404-1024x574.jpg 1024w, https:\/\/www.farmasanto.it\/2020\/blog\/wp-content\/uploads\/2020\/09\/DSC02404-300x168.jpg 300w, https:\/\/www.farmasanto.it\/2020\/blog\/wp-content\/uploads\/2020\/09\/DSC02404-768x431.jpg 768w, https:\/\/www.farmasanto.it\/2020\/blog\/wp-content\/uploads\/2020\/09\/DSC02404-1536x862.jpg 1536w, https:\/\/www.farmasanto.it\/2020\/blog\/wp-content\/uploads\/2020\/09\/DSC02404-2048x1149.jpg 2048w, https:\/\/www.farmasanto.it\/2020\/blog\/wp-content\/uploads\/2020\/09\/DSC02404-465x261.jpg 465w, https:\/\/www.farmasanto.it\/2020\/blog\/wp-content\/uploads\/2020\/09\/DSC02404-695x390.jpg 695w\" sizes=\"auto, (max-width: 1024px) 100vw, 1024px\" \/><\/figure>\n\n\n\n<figure class=\"wp-block-image size-large\"><img loading=\"lazy\" decoding=\"async\" width=\"1024\" height=\"574\" data-id=\"237\" src=\"https:\/\/www.farmasanto.it\/2020\/blog\/wp-content\/uploads\/2020\/09\/DSC02402-1024x574.jpg\" alt=\"\" class=\"wp-image-237\" srcset=\"https:\/\/www.farmasanto.it\/2020\/blog\/wp-content\/uploads\/2020\/09\/DSC02402-1024x574.jpg 1024w, https:\/\/www.farmasanto.it\/2020\/blog\/wp-content\/uploads\/2020\/09\/DSC02402-300x168.jpg 300w, https:\/\/www.farmasanto.it\/2020\/blog\/wp-content\/uploads\/2020\/09\/DSC02402-768x431.jpg 768w, https:\/\/www.farmasanto.it\/2020\/blog\/wp-content\/uploads\/2020\/09\/DSC02402-1536x862.jpg 1536w, https:\/\/www.farmasanto.it\/2020\/blog\/wp-content\/uploads\/2020\/09\/DSC02402-2048x1149.jpg 2048w, https:\/\/www.farmasanto.it\/2020\/blog\/wp-content\/uploads\/2020\/09\/DSC02402-465x261.jpg 465w, https:\/\/www.farmasanto.it\/2020\/blog\/wp-content\/uploads\/2020\/09\/DSC02402-695x390.jpg 695w\" sizes=\"auto, (max-width: 1024px) 100vw, 1024px\" \/><\/figure>\n\n\n\n<figure class=\"wp-block-image size-large\"><img loading=\"lazy\" decoding=\"async\" width=\"1024\" height=\"683\" data-id=\"374\" src=\"https:\/\/www.farmasanto.it\/2020\/blog\/wp-content\/uploads\/2021\/08\/Via-Santo-23a-36016-Thiene-VI-Italy_1-1024x683.jpg\" alt=\"\" class=\"wp-image-374\" srcset=\"https:\/\/www.farmasanto.it\/2020\/blog\/wp-content\/uploads\/2021\/08\/Via-Santo-23a-36016-Thiene-VI-Italy_1-1024x683.jpg 1024w, https:\/\/www.farmasanto.it\/2020\/blog\/wp-content\/uploads\/2021\/08\/Via-Santo-23a-36016-Thiene-VI-Italy_1-300x200.jpg 300w, https:\/\/www.farmasanto.it\/2020\/blog\/wp-content\/uploads\/2021\/08\/Via-Santo-23a-36016-Thiene-VI-Italy_1-768x512.jpg 768w, https:\/\/www.farmasanto.it\/2020\/blog\/wp-content\/uploads\/2021\/08\/Via-Santo-23a-36016-Thiene-VI-Italy_1-1536x1024.jpg 1536w, https:\/\/www.farmasanto.it\/2020\/blog\/wp-content\/uploads\/2021\/08\/Via-Santo-23a-36016-Thiene-VI-Italy_1-2048x1365.jpg 2048w, https:\/\/www.farmasanto.it\/2020\/blog\/wp-content\/uploads\/2021\/08\/Via-Santo-23a-36016-Thiene-VI-Italy_1-465x310.jpg 465w, https:\/\/www.farmasanto.it\/2020\/blog\/wp-content\/uploads\/2021\/08\/Via-Santo-23a-36016-Thiene-VI-Italy_1-695x463.jpg 695w\" sizes=\"auto, (max-width: 1024px) 100vw, 1024px\" \/><\/figure>\n\n\n\n<figure class=\"wp-block-image size-large\"><img loading=\"lazy\" decoding=\"async\" width=\"1024\" height=\"683\" data-id=\"372\" src=\"https:\/\/www.farmasanto.it\/2020\/blog\/wp-content\/uploads\/2021\/08\/Via-Santo-23a-36016-Thiene-VI-Italy_2-1024x683.jpg\" alt=\"\" class=\"wp-image-372\" srcset=\"https:\/\/www.farmasanto.it\/2020\/blog\/wp-content\/uploads\/2021\/08\/Via-Santo-23a-36016-Thiene-VI-Italy_2-1024x683.jpg 1024w, https:\/\/www.farmasanto.it\/2020\/blog\/wp-content\/uploads\/2021\/08\/Via-Santo-23a-36016-Thiene-VI-Italy_2-300x200.jpg 300w, https:\/\/www.farmasanto.it\/2020\/blog\/wp-content\/uploads\/2021\/08\/Via-Santo-23a-36016-Thiene-VI-Italy_2-768x512.jpg 768w, https:\/\/www.farmasanto.it\/2020\/blog\/wp-content\/uploads\/2021\/08\/Via-Santo-23a-36016-Thiene-VI-Italy_2-1536x1024.jpg 1536w, https:\/\/www.farmasanto.it\/2020\/blog\/wp-content\/uploads\/2021\/08\/Via-Santo-23a-36016-Thiene-VI-Italy_2-2048x1365.jpg 2048w, https:\/\/www.farmasanto.it\/2020\/blog\/wp-content\/uploads\/2021\/08\/Via-Santo-23a-36016-Thiene-VI-Italy_2-465x310.jpg 465w, https:\/\/www.farmasanto.it\/2020\/blog\/wp-content\/uploads\/2021\/08\/Via-Santo-23a-36016-Thiene-VI-Italy_2-695x463.jpg 695w\" sizes=\"auto, (max-width: 1024px) 100vw, 1024px\" \/><\/figure>\n\n\n\n<figure class=\"wp-block-image size-large\"><img loading=\"lazy\" decoding=\"async\" width=\"1024\" height=\"683\" data-id=\"371\" src=\"https:\/\/www.farmasanto.it\/2020\/blog\/wp-content\/uploads\/2021\/08\/Via-Santo-23a-36016-Thiene-VI-Italy_3-1024x683.jpg\" alt=\"\" class=\"wp-image-371\" srcset=\"https:\/\/www.farmasanto.it\/2020\/blog\/wp-content\/uploads\/2021\/08\/Via-Santo-23a-36016-Thiene-VI-Italy_3-1024x683.jpg 1024w, https:\/\/www.farmasanto.it\/2020\/blog\/wp-content\/uploads\/2021\/08\/Via-Santo-23a-36016-Thiene-VI-Italy_3-300x200.jpg 300w, https:\/\/www.farmasanto.it\/2020\/blog\/wp-content\/uploads\/2021\/08\/Via-Santo-23a-36016-Thiene-VI-Italy_3-768x512.jpg 768w, https:\/\/www.farmasanto.it\/2020\/blog\/wp-content\/uploads\/2021\/08\/Via-Santo-23a-36016-Thiene-VI-Italy_3-1536x1024.jpg 1536w, https:\/\/www.farmasanto.it\/2020\/blog\/wp-content\/uploads\/2021\/08\/Via-Santo-23a-36016-Thiene-VI-Italy_3-2048x1365.jpg 2048w, https:\/\/www.farmasanto.it\/2020\/blog\/wp-content\/uploads\/2021\/08\/Via-Santo-23a-36016-Thiene-VI-Italy_3-465x310.jpg 465w, https:\/\/www.farmasanto.it\/2020\/blog\/wp-content\/uploads\/2021\/08\/Via-Santo-23a-36016-Thiene-VI-Italy_3-695x463.jpg 695w\" sizes=\"auto, (max-width: 1024px) 100vw, 1024px\" \/><\/figure>\n\n\n\n<figure class=\"wp-block-image size-large\"><img loading=\"lazy\" decoding=\"async\" width=\"1024\" height=\"683\" data-id=\"370\" src=\"https:\/\/www.farmasanto.it\/2020\/blog\/wp-content\/uploads\/2021\/08\/Via-Santo-23a-36016-Thiene-VI-Italy_4-1024x683.jpg\" alt=\"\" class=\"wp-image-370\" srcset=\"https:\/\/www.farmasanto.it\/2020\/blog\/wp-content\/uploads\/2021\/08\/Via-Santo-23a-36016-Thiene-VI-Italy_4-1024x683.jpg 1024w, https:\/\/www.farmasanto.it\/2020\/blog\/wp-content\/uploads\/2021\/08\/Via-Santo-23a-36016-Thiene-VI-Italy_4-300x200.jpg 300w, https:\/\/www.farmasanto.it\/2020\/blog\/wp-content\/uploads\/2021\/08\/Via-Santo-23a-36016-Thiene-VI-Italy_4-768x512.jpg 768w, https:\/\/www.farmasanto.it\/2020\/blog\/wp-content\/uploads\/2021\/08\/Via-Santo-23a-36016-Thiene-VI-Italy_4-1536x1024.jpg 1536w, https:\/\/www.farmasanto.it\/2020\/blog\/wp-content\/uploads\/2021\/08\/Via-Santo-23a-36016-Thiene-VI-Italy_4-2048x1365.jpg 2048w, https:\/\/www.farmasanto.it\/2020\/blog\/wp-content\/uploads\/2021\/08\/Via-Santo-23a-36016-Thiene-VI-Italy_4-465x310.jpg 465w, https:\/\/www.farmasanto.it\/2020\/blog\/wp-content\/uploads\/2021\/08\/Via-Santo-23a-36016-Thiene-VI-Italy_4-695x463.jpg 695w\" sizes=\"auto, (max-width: 1024px) 100vw, 1024px\" \/><\/figure>\n<\/figure>\n\n\n\n<figure style=\"width:600px;height:300px\" class=\"wp-block-algori-360-image-block-algori-360-image alignundefined\"><a-scene loading-screen=\"enabled: false;\" device-orientation-permission-ui=\"enabled: false\" embedded=\"\"><a-entity camera=\"\" look-controls=\"reverseMouseDrag: true\"><\/a-entity><a-sky src=\"http:\/\/www.farmasanto.it\/2020\/blog\/wp-content\/uploads\/2020\/09\/PANO_20200909_124631-1-scaled.jpg\"><\/a-sky><\/a-scene><\/figure>\n\n\n\n<figure style=\"width:600px;height:300px\" class=\"wp-block-algori-360-image-block-algori-360-image alignundefined\"><a-scene loading-screen=\"enabled: false;\" device-orientation-permission-ui=\"enabled: false\" embedded=\"\"><a-entity camera=\"\" look-controls=\"reverseMouseDrag: true\"><\/a-entity><a-sky src=\"http:\/\/www.farmasanto.it\/2020\/blog\/wp-content\/uploads\/2020\/09\/PANO_20200909_124815-scaled.jpg\"><\/a-sky><\/a-scene><\/figure>\n\n\n\n<p><\/p>\n","protected":false},"excerpt":{"rendered":"<p>Davide Chiarello \u00e8 il titolare direttore amministrativo dall\u2019et\u00e0 di 18 anni di farmacia rurale di 800 abitanti (Vighizzolo d\u2019Este \u2013 Padova) in seguito al decesso prematuro del padre ha lavorato fianco a fianco col medico di paese dal 1996 al 2005 in una realt\u00e0 dove il lavoro del farmacista assieme<span class=\"more-link\"><a href=\"https:\/\/www.farmasanto.it\/2020\/blog\/index.php\/chi-siamo\/\">Leggi articolo<\/a><\/span><\/p>\n","protected":false},"author":1,"featured_media":0,"parent":0,"menu_order":0,"comment_status":"closed","ping_status":"closed","template":"","meta":{"footnotes":""},"class_list":["entry","author-davide","post-7","page","type-page","status-publish"],"aioseo_notices":[],"_links":{"self":[{"href":"https:\/\/www.farmasanto.it\/2020\/blog\/index.php\/wp-json\/wp\/v2\/pages\/7","targetHints":{"allow":["GET"]}}],"collection":[{"href":"https:\/\/www.farmasanto.it\/2020\/blog\/index.php\/wp-json\/wp\/v2\/pages"}],"about":[{"href":"https:\/\/www.farmasanto.it\/2020\/blog\/index.php\/wp-json\/wp\/v2\/types\/page"}],"author":[{"embeddable":true,"href":"https:\/\/www.farmasanto.it\/2020\/blog\/index.php\/wp-json\/wp\/v2\/users\/1"}],"replies":[{"embeddable":true,"href":"https:\/\/www.farmasanto.it\/2020\/blog\/index.php\/wp-json\/wp\/v2\/comments?post=7"}],"version-history":[{"count":10,"href":"https:\/\/www.farmasanto.it\/2020\/blog\/index.php\/wp-json\/wp\/v2\/pages\/7\/revisions"}],"predecessor-version":[{"id":898,"href":"https:\/\/www.farmasanto.it\/2020\/blog\/index.php\/wp-json\/wp\/v2\/pages\/7\/revisions\/898"}],"wp:attachment":[{"href":"https:\/\/www.farmasanto.it\/2020\/blog\/index.php\/wp-json\/wp\/v2\/media?parent=7"}],"curies":[{"name":"wp","href":"https:\/\/api.w.org\/{rel}","templated":true}]}}