{"id":82,"date":"2020-09-27T20:44:38","date_gmt":"2020-09-27T18:44:38","guid":{"rendered":"http:\/\/www.farmasanto.it\/2020\/blog\/?page_id=82"},"modified":"2024-01-20T10:34:08","modified_gmt":"2024-01-20T09:34:08","slug":"servizi","status":"publish","type":"page","link":"https:\/\/www.farmasanto.it\/2020\/blog\/index.php\/servizi\/","title":{"rendered":"SERVIZI"},"content":{"rendered":"\n<div class=\"wp-block-group\"><div class=\"wp-block-group__inner-container is-layout-flow wp-block-group-is-layout-flow\">\n<p id=\"ecg\"><strong>ELETTROCARDIOGRAMMA<\/strong>, <strong>ELETTROCARDIOGRAMMA VELOCE, HOLTER PRESSORIO, HOLTER CARDIACO:<\/strong><\/p>\n\n\n<div class=\"wp-block-image is-resized is-style-rounded\">\n<figure class=\"alignleft size-full\"><img loading=\"lazy\" decoding=\"async\" width=\"400\" height=\"283\" src=\"https:\/\/www.farmasanto.it\/2020\/blog\/wp-content\/uploads\/2022\/07\/holter_sm.jpg\" alt=\"\" class=\"wp-image-584\" style=\"width:130px;height:auto\" srcset=\"https:\/\/www.farmasanto.it\/2020\/blog\/wp-content\/uploads\/2022\/07\/holter_sm.jpg 400w, https:\/\/www.farmasanto.it\/2020\/blog\/wp-content\/uploads\/2022\/07\/holter_sm-300x212.jpg 300w\" sizes=\"auto, (max-width: 400px) 100vw, 400px\" \/><figcaption class=\"wp-element-caption\">Elettrocardiogramma<\/figcaption><\/figure>\n<\/div>\n\n\n<p>Zero attesa, refertazione specialistica in tempi rapidi.<\/p>\n\n\n\n<p>E&#8217; gradita la prenotazione salvo urgenze. La refertazione avviene in 24 ore.<br>Servizi disponibili: ECG, Holter ECG e Holter pressorio. Per informazioni contattaci al 0445 387018 <\/p>\n\n\n\n<hr class=\"wp-block-separator has-alpha-channel-opacity\"\/>\n\n\n<div class=\"wp-block-image\">\n<figure class=\"alignleft size-thumbnail is-resized\"><img loading=\"lazy\" decoding=\"async\" width=\"150\" height=\"150\" src=\"https:\/\/www.farmasanto.it\/2020\/blog\/wp-content\/uploads\/2024\/01\/holterSqLogo_ok-150x150.png\" alt=\"\" class=\"wp-image-1136\" style=\"width:142px;height:auto\"\/><\/figure>\n<\/div>\n\n\n<p class=\"has-vivid-cyan-blue-color has-accent-font-background-color has-text-color has-background has-link-color wp-elements-239a69098b5f15ed2919a44ad9868b70\"><a href=\"https:\/\/www.farmasanto.it\/2020\/blog\/index.php\/holter-pressorio\/\" title=\"Holter pressorio\"><span style=\"text-decoration: underline;\">Holter pressorio con apparecchio poco invasivo a gonfiaggio e sgonfiaggio intelligente e possibilit\u00e0 di segnalare eventi.<\/span><\/a><\/p>\n\n\n\n<p><\/p>\n<\/div><\/div>\n\n\n\n<hr class=\"wp-block-separator has-css-opacity\"\/>\n\n\n\n<div class=\"wp-block-group\"><div class=\"wp-block-group__inner-container is-layout-flow wp-block-group-is-layout-flow\"><div class=\"wp-block-image\">\n<figure class=\"alignleft size-thumbnail\"><a href=\"https:\/\/www.farmasanto.it\/2020\/blog\/index.php\/2021\/05\/24\/servizio-infermieristico\/\"><img loading=\"lazy\" decoding=\"async\" width=\"150\" height=\"150\" src=\"https:\/\/www.farmasanto.it\/2020\/blog\/wp-content\/uploads\/2022\/02\/ECG_sm_fil-150x150.png\" alt=\"servizio ECG a domicilio\" class=\"wp-image-443\"\/><\/a><\/figure>\n<\/div>\n\n\n<p><a href=\"https:\/\/www.farmasanto.it\/2020\/blog\/index.php\/2021\/05\/24\/servizio-infermieristico\/\" data-type=\"post\" data-id=\"346\">Servizio infermieristico<\/a> su appuntamento o a domicilio per medicazioni, cateterismi, clisteri, pulizia orecchie, flebo domiciliari, trattamento piaghe, rimozione punti di sutura.<\/p>\n<\/div><\/div>\n\n\n\n<p><\/p>\n\n\n\n<p><\/p>\n\n\n\n<div class=\"wp-block-group\"><div class=\"wp-block-group__inner-container is-layout-flow wp-block-group-is-layout-flow\">\n<hr class=\"wp-block-separator has-alpha-channel-opacity\"\/>\n<\/div><\/div>\n\n\n\n<p><\/p>\n\n\n<div class=\"wp-block-image\">\n<figure class=\"alignleft size-thumbnail\"><a href=\"https:\/\/www.farmasanto.it\/2020\/blog\/index.php\/2022\/12\/24\/servizio-podologico\/\"><img loading=\"lazy\" decoding=\"async\" width=\"150\" height=\"150\" src=\"https:\/\/www.farmasanto.it\/2020\/blog\/wp-content\/uploads\/2022\/12\/podologa-150x150.png\" alt=\"\" class=\"wp-image-620\"\/><\/a><\/figure>\n<\/div>\n\n\n<div class=\"wp-block-group\"><div class=\"wp-block-group__inner-container is-layout-flow wp-block-group-is-layout-flow\">\n<p><a href=\"https:\/\/www.farmasanto.it\/2020\/blog\/index.php\/2022\/12\/24\/servizio-podologico\/\" data-type=\"post\" data-id=\"613\">Servizio podologico:<\/a><\/p>\n\n\n\n<p>La nostra podologa potr\u00e0 fornirvi suggerimenti per prevenzione, diagnosi e trattamento per tutte le patologie del piede, della caviglia e degli arti inferiori ed in particolare: Unghia incarnita, Funghi, Verruche, Dolore continuo al tallone, Fascite plantare, Piede d\u2019atleta,Borsite, Calli o duroni, Dolore articolare al piede o alla caviglia, Problemi di postura<\/p>\n\n\n\n<hr class=\"wp-block-separator has-alpha-channel-opacity\"\/>\n\n\n<div class=\"wp-block-image\">\n<figure class=\"alignleft size-thumbnail\"><a href=\"https:\/\/www.farmasanto.it\/2020\/blog\/index.php\/2023\/02\/02\/consulente-allattamento\/\"><img loading=\"lazy\" decoding=\"async\" width=\"150\" height=\"150\" src=\"https:\/\/www.farmasanto.it\/2020\/blog\/wp-content\/uploads\/2023\/02\/Cristina-150x150.jpg\" alt=\"\" class=\"wp-image-628\"\/><\/a><\/figure>\n<\/div>\n\n\n<p><a href=\"https:\/\/www.farmasanto.it\/2020\/blog\/index.php\/2023\/02\/02\/consulente-allattamento\/\" data-type=\"post\" data-id=\"625\">Consulente allattamento al seno<\/a><\/p>\n\n\n\n<p>La nostra consulente Cristina, laureata in scienze infermieristiche, ha maturato un\u2019esperienza pluriennale presso la terapia intensiva neonatale e punto nascita dell\u2019ospedale di Santorso e ha concluso nel 2022 una lunga formazione che l\u2019ha portata ad acquisire il titolo di consulente professionale allattamento materno IBCLC\u00ae (International Board Certified Lactation Consultant).<\/p>\n\n\n\n<hr class=\"wp-block-separator has-alpha-channel-opacity\"\/>\n\n\n\n<p><a href=\"https:\/\/www.farmasanto.it\/2020\/blog\/index.php\/analisi-del-sangue\/\" data-type=\"page\" data-id=\"244\"><strong>ANALISI DEL SANGUE DI PRIMA ISTANZA<\/strong>:<\/a><\/p>\n\n\n<div class=\"wp-block-image is-style-rounded\">\n<figure class=\"alignleft size-full is-resized\"><img loading=\"lazy\" decoding=\"async\" width=\"149\" height=\"115\" src=\"https:\/\/www.farmasanto.it\/2020\/blog\/wp-content\/uploads\/2022\/06\/analisi.png\" alt=\"\" class=\"wp-image-501\" style=\"width:95px;height:73px\"\/><\/figure>\n<\/div>\n\n\n<p>Puoi effettuare rapidamente il controllo di :<\/p>\n\n\n\n<p><strong>Anemia<\/strong>: analisi Eritrociti Ematocrito Emoglobina<br><strong>Ferritina<\/strong>: proteina che indica le \u201cscorte\u201d di ferro presenti nel sangue<br><strong>INR<\/strong>: tempo coagulazione per chi assume anticoagulanti.<br><strong>Pannello Lipidico<\/strong>: colesterolemia(buono\/cattivo\/totale\/trigliceridi)<br><strong>TSH<\/strong>: per verificare problemi metabolici legati alla tiroide<br><strong>Glicemia<\/strong>: valore del glucosio nel sangue<br><strong>Emoglobina glicata:<\/strong> media del glucosio nel sangue.<br><strong>Acidi urici<\/strong>: acido urico nel sangue (gotta)<br><strong>Creatinemia<\/strong>: creatinina nel sangue (funzionalit\u00e0 renale)<br><strong>Vitamina D<\/strong>: vitamina d sierica<br><strong>Vitamina B12<\/strong>: per verificare stati carenziali<br><strong>Testosterone<\/strong>: per verificare squilibri ormonali<br><strong>PCR<\/strong>: proteina c reattiva per verificare stati infettivi<br><strong>Esame delle urine completo<\/strong>: Glucosio, Chetoni, Ematuria, Proteinuria, Nitriti, Bilirubina,Peso Specifico,pH, Urobilinogeno Leucociti<br><strong>Densitometria ossea<\/strong>: diagnosi attraverso la misurazione del calcagno senza radiazioni.<br><strong>ECG<\/strong>: ecg completo con refertazione del cardiologo<br><strong>Holter ECG<\/strong>: ecg continuo nelle 24 ore per rilevare anomalie<br><strong>Holter Pressorio<\/strong>: per verificare eventi pressori anomali<br><\/p>\n\n\n\n<div class=\"wp-block-buttons is-layout-flex wp-block-buttons-is-layout-flex\">\n<div class=\"wp-block-button is-style-outline is-style-outline--1\"><a class=\"wp-block-button__link has-black-color has-vivid-cyan-blue-background-color has-text-color has-background wp-element-button\" href=\"https:\/\/www.farmasanto.it\/2020\/blog\/index.php\/analisi-del-sangue\/\" style=\"border-radius:20px\" rel=\"https:\/\/www.farmasanto.it\/2020\/blog\/index.php\/analisi-del-sangue\/\">Vedi dettaglio analisi del sangue<\/a><\/div>\n<\/div>\n\n\n\n<hr class=\"wp-block-separator has-css-opacity\"\/>\n\n\n<div class=\"wp-block-image\">\n<figure class=\"alignleft size-large\"><img loading=\"lazy\" decoding=\"async\" width=\"120\" height=\"92\" src=\"http:\/\/www.farmasanto.it\/2020\/blog\/wp-content\/uploads\/2020\/12\/disturbi_alimentari1-e1607423674929.jpg\" alt=\"\" class=\"wp-image-246\"\/><\/figure>\n<\/div>\n\n\n<p><strong><strong><a href=\"https:\/\/www.farmasanto.it\/2020\/blog\/index.php\/analisi-intolleranze-alimentari\/\">Analisi Intolleranze Alimentari<\/a><\/strong><\/strong><\/p>\n\n\n\n<p>Servizio effettuato da prelievo di sangue capillare. I pannelli sono da 46 &#8211; 92 -184 alimenti. <a href=\"https:\/\/www.farmasanto.it\/2020\/blog\/index.php\/analisi-intolleranze-alimentari\/\">Clicca per maggiori informazioni.<\/a><\/p>\n\n\n\n<hr class=\"wp-block-separator has-css-opacity\"\/>\n\n\n<div class=\"wp-block-image\">\n<figure class=\"alignleft size-large is-resized\"><img loading=\"lazy\" decoding=\"async\" width=\"256\" height=\"256\" src=\"http:\/\/www.farmasanto.it\/2020\/blog\/wp-content\/uploads\/2020\/09\/orecchini.png\" alt=\"\" class=\"wp-image-84\" style=\"width:110px;height:110px\" srcset=\"https:\/\/www.farmasanto.it\/2020\/blog\/wp-content\/uploads\/2020\/09\/orecchini.png 256w, https:\/\/www.farmasanto.it\/2020\/blog\/wp-content\/uploads\/2020\/09\/orecchini-150x150.png 150w\" sizes=\"auto, (max-width: 256px) 100vw, 256px\" \/><\/figure>\n<\/div><\/div><\/div>\n\n\n\n<p id=\"lobi\"><strong>FORATURA LOBI<\/strong><\/p>\n\n\n\n<p>Servizio per adulti e bambini dai 4 anni in su. Tecnologia che riduce al minimo la sensazione di &#8220;pizzicotto&#8221;, orecchino ipoallergenico.<\/p>\n\n\n\n<p>La foratura se bilaterale viene eseguita in <strong>contemporanea.<\/strong><\/p>\n\n\n\n<p>Il costo della foratura \u20ac 6,00. Gli orecchini da foratura sono in plastica medica certificata (16,90 la coppia) o titanio (23,90 la coppia)<\/p>\n\n\n\n<hr class=\"wp-block-separator has-css-opacity\"\/>\n\n\n<div class=\"wp-block-image\">\n<figure class=\"alignleft size-large is-resized\"><img loading=\"lazy\" decoding=\"async\" width=\"1024\" height=\"769\" src=\"http:\/\/www.farmasanto.it\/2020\/blog\/wp-content\/uploads\/2020\/09\/IMG_20200922_142335-1024x769.jpg\" alt=\"\" class=\"wp-image-44\" style=\"width:115px;height:85px\" srcset=\"https:\/\/www.farmasanto.it\/2020\/blog\/wp-content\/uploads\/2020\/09\/IMG_20200922_142335-1024x769.jpg 1024w, https:\/\/www.farmasanto.it\/2020\/blog\/wp-content\/uploads\/2020\/09\/IMG_20200922_142335-300x225.jpg 300w, https:\/\/www.farmasanto.it\/2020\/blog\/wp-content\/uploads\/2020\/09\/IMG_20200922_142335-768x576.jpg 768w, https:\/\/www.farmasanto.it\/2020\/blog\/wp-content\/uploads\/2020\/09\/IMG_20200922_142335.jpg 1183w\" sizes=\"auto, (max-width: 1024px) 100vw, 1024px\" \/><\/figure>\n<\/div>\n\n\n<p><a href=\"https:\/\/www.farmasanto.it\/2020\/blog\/index.php\/prodotti-distributore-automatico\/\" data-type=\"page\" data-id=\"288\">DISTRIBUTORE AUTOMATICO AVANZATO:<br>Assortimento di parafarmaci tra cui prodotti per il mal di gola, per l&#8217;igiene del nasino dei neonati, sciroppi naturali, condom e sex toys di vario genere. <br><strong>Funzione ritira 24 <\/strong>: possibilit\u00e0 di ritirare un ordine durante gli orari di chiusura della farmacia.<\/a><\/p>\n\n\n\n<hr class=\"wp-block-separator has-css-opacity\"\/>\n\n\n<div class=\"wp-block-image\">\n<figure class=\"alignleft size-large is-resized\"><img loading=\"lazy\" decoding=\"async\" width=\"403\" height=\"403\" src=\"http:\/\/www.farmasanto.it\/2020\/blog\/wp-content\/uploads\/2020\/09\/wha.png\" alt=\"\" class=\"wp-image-86\" style=\"width:94px;height:94px\" srcset=\"https:\/\/www.farmasanto.it\/2020\/blog\/wp-content\/uploads\/2020\/09\/wha.png 403w, https:\/\/www.farmasanto.it\/2020\/blog\/wp-content\/uploads\/2020\/09\/wha-300x300.png 300w, https:\/\/www.farmasanto.it\/2020\/blog\/wp-content\/uploads\/2020\/09\/wha-150x150.png 150w\" sizes=\"auto, (max-width: 403px) 100vw, 403px\" \/><\/figure>\n<\/div>\n\n\n<p><strong>Prenotazione con messaggio <\/strong>anche fuori orario apertura<em>:<\/em><br><em> 389 247 24 03 &#8211; Telegram o Whatsapp (no SMS) (<\/em> numero sempre attivo; rispondiamo durante l&#8217;apertura, se prodotto non disponibile arriva in mezza giornata)<\/p>\n\n\n\n<hr class=\"wp-block-separator has-css-opacity\"\/>\n\n\n<div class=\"wp-block-image\">\n<figure class=\"alignleft size-large is-resized\"><img loading=\"lazy\" decoding=\"async\" width=\"1024\" height=\"768\" src=\"https:\/\/www.farmasanto.it\/2020\/blog\/wp-content\/uploads\/2023\/10\/Densitometria-1024x768.png\" alt=\"\" class=\"wp-image-1062\" style=\"width:127px;height:127px\" srcset=\"https:\/\/www.farmasanto.it\/2020\/blog\/wp-content\/uploads\/2023\/10\/Densitometria-1024x768.png 1024w, https:\/\/www.farmasanto.it\/2020\/blog\/wp-content\/uploads\/2023\/10\/Densitometria-300x225.png 300w, https:\/\/www.farmasanto.it\/2020\/blog\/wp-content\/uploads\/2023\/10\/Densitometria-768x576.png 768w, https:\/\/www.farmasanto.it\/2020\/blog\/wp-content\/uploads\/2023\/10\/Densitometria-465x349.png 465w, https:\/\/www.farmasanto.it\/2020\/blog\/wp-content\/uploads\/2023\/10\/Densitometria-667x500.png 667w, https:\/\/www.farmasanto.it\/2020\/blog\/wp-content\/uploads\/2023\/10\/Densitometria.png 1280w\" sizes=\"auto, (max-width: 1024px) 100vw, 1024px\" \/><\/figure>\n<\/div>\n\n\n<p id=\"ossa\"><strong>ANALISI DENSITA&#8217; OSSEA<\/strong><\/p>\n\n\n\n<p>Esame su appuntamento, si effettua sul calcagno, misura la densit\u00e0 dell&#8217;osso tramite un sistema privo di radiazioni molto simile all&#8217;ecografia. Presentarsi con i piedi puliti senza aver applicato creme.<br>Utile portare esami precedenti ed effettuarlo prima della menopausa. PREZZO 19,90<\/p>\n\n\n\n<hr class=\"wp-block-separator has-css-opacity\"\/>\n\n\n<div class=\"wp-block-image\">\n<figure class=\"alignleft size-full is-resized\"><img loading=\"lazy\" decoding=\"async\" width=\"414\" height=\"414\" src=\"https:\/\/www.farmasanto.it\/2020\/blog\/wp-content\/uploads\/2022\/06\/urine.png\" alt=\"\" class=\"wp-image-531\" style=\"width:102px;height:102px\" srcset=\"https:\/\/www.farmasanto.it\/2020\/blog\/wp-content\/uploads\/2022\/06\/urine.png 414w, https:\/\/www.farmasanto.it\/2020\/blog\/wp-content\/uploads\/2022\/06\/urine-300x300.png 300w, https:\/\/www.farmasanto.it\/2020\/blog\/wp-content\/uploads\/2022\/06\/urine-150x150.png 150w\" sizes=\"auto, (max-width: 414px) 100vw, 414px\" \/><\/figure>\n<\/div>\n\n\n<p id=\"urine\"><strong>ANALISI URINE<\/strong><br>Controlla la presenza nell&#8217;urina di : Glucosio, Chetoni, Ematouria (sangue) Proteinuria, Nitriti, Bilirubina, Leucociti; misura peso specifico e Ph. <strong>Prezzo 5,00\u20ac<\/strong><\/p>\n\n\n\n<hr class=\"wp-block-separator has-css-opacity\"\/>\n\n\n<div class=\"wp-block-image\">\n<figure class=\"alignleft size-full is-resized\"><img loading=\"lazy\" decoding=\"async\" width=\"365\" height=\"388\" src=\"https:\/\/www.farmasanto.it\/2020\/blog\/wp-content\/uploads\/2022\/06\/udito.png\" alt=\"\" class=\"wp-image-504\" style=\"width:131px;height:148px\" srcset=\"https:\/\/www.farmasanto.it\/2020\/blog\/wp-content\/uploads\/2022\/06\/udito.png 365w, https:\/\/www.farmasanto.it\/2020\/blog\/wp-content\/uploads\/2022\/06\/udito-282x300.png 282w\" sizes=\"auto, (max-width: 365px) 100vw, 365px\" \/><\/figure>\n<\/div>\n\n\n<p id=\"udito\"><strong>ANALISI GRATUITA DELL&#8217;UDITO<\/strong><\/p>\n\n\n\n<p>Ogni terzo mercoled\u00ec del mese il nostro audiometrista \u00e8 disponibile per un controllo gratuito dell&#8217;udito.  Il servizio \u00e8 offerto dalla ditta Maico, ditta fondata nel 1937 e dunque, con oltre 80 anni di attivit\u00e0.<\/p>\n\n\n\n<hr class=\"wp-block-separator has-css-opacity\"\/>\n\n\n<div class=\"wp-block-image\">\n<figure class=\"alignleft size-large is-resized\"><img loading=\"lazy\" decoding=\"async\" width=\"280\" height=\"280\" src=\"http:\/\/www.farmasanto.it\/2020\/blog\/wp-content\/uploads\/2020\/09\/bil.png\" alt=\"\" class=\"wp-image-102\" style=\"width:113px;height:113px\" srcset=\"https:\/\/www.farmasanto.it\/2020\/blog\/wp-content\/uploads\/2020\/09\/bil.png 280w, https:\/\/www.farmasanto.it\/2020\/blog\/wp-content\/uploads\/2020\/09\/bil-150x150.png 150w\" sizes=\"auto, (max-width: 280px) 100vw, 280px\" \/><\/figure>\n<\/div>\n\n\n<p id=\"bilancia\"><strong>NOLEGGIO BILANCIA PESA NEONATI<\/strong><br>Il costo del noleggio \u00e8 giornaliero pari a 1\u20ac, cauzione 50\u20ac. (restituita a fine noleggio)<\/p>\n\n\n\n<p><\/p>\n\n\n\n<hr class=\"wp-block-separator has-css-opacity\"\/>\n\n\n<div class=\"wp-block-image\">\n<figure class=\"alignleft size-large is-resized\"><img decoding=\"async\" src=\"https:\/\/globusmagneto.com\/wp-content\/uploads\/globus-magneto-solenoidi-back-schiena.png\" alt=\"\" style=\"width:116px;height:143px\"\/><\/figure>\n<\/div>\n\n\n<p id=\"bilancia\"><strong>NOLEGGIO MAGNETO TERAPIA <a href=\"https:\/\/globusmagneto.com\/\">GLOBUS<\/a><\/strong><br>per contrastare l\u2019ARTROSI e i DOLORI ARTICOLARI, gli EDEMI OSSEI, le INFIAMMAZIONI, l\u2019OSTEOPOROSI e le FRATTURE OSSEE.<\/p>\n\n\n\n<p><\/p>\n\n\n\n<p><\/p>\n","protected":false},"excerpt":{"rendered":"<p>ELETTROCARDIOGRAMMA, ELETTROCARDIOGRAMMA VELOCE, HOLTER PRESSORIO, HOLTER CARDIACO: Zero attesa, refertazione specialistica in tempi rapidi. E&#8217; gradita la prenotazione salvo urgenze. La refertazione avviene in 24 ore.Servizi disponibili: ECG, Holter ECG e Holter pressorio. Per informazioni contattaci al 0445 387018 Holter pressorio con apparecchio poco invasivo a gonfiaggio e sgonfiaggio intelligente<span class=\"more-link\"><a href=\"https:\/\/www.farmasanto.it\/2020\/blog\/index.php\/servizi\/\">Leggi articolo<\/a><\/span><\/p>\n","protected":false},"author":1,"featured_media":0,"parent":0,"menu_order":0,"comment_status":"closed","ping_status":"closed","template":"","meta":{"footnotes":""},"class_list":["entry","author-davide","post-82","page","type-page","status-publish"],"aioseo_notices":[],"_links":{"self":[{"href":"https:\/\/www.farmasanto.it\/2020\/blog\/index.php\/wp-json\/wp\/v2\/pages\/82","targetHints":{"allow":["GET"]}}],"collection":[{"href":"https:\/\/www.farmasanto.it\/2020\/blog\/index.php\/wp-json\/wp\/v2\/pages"}],"about":[{"href":"https:\/\/www.farmasanto.it\/2020\/blog\/index.php\/wp-json\/wp\/v2\/types\/page"}],"author":[{"embeddable":true,"href":"https:\/\/www.farmasanto.it\/2020\/blog\/index.php\/wp-json\/wp\/v2\/users\/1"}],"replies":[{"embeddable":true,"href":"https:\/\/www.farmasanto.it\/2020\/blog\/index.php\/wp-json\/wp\/v2\/comments?post=82"}],"version-history":[{"count":62,"href":"https:\/\/www.farmasanto.it\/2020\/blog\/index.php\/wp-json\/wp\/v2\/pages\/82\/revisions"}],"predecessor-version":[{"id":1137,"href":"https:\/\/www.farmasanto.it\/2020\/blog\/index.php\/wp-json\/wp\/v2\/pages\/82\/revisions\/1137"}],"wp:attachment":[{"href":"https:\/\/www.farmasanto.it\/2020\/blog\/index.php\/wp-json\/wp\/v2\/media?parent=82"}],"curies":[{"name":"wp","href":"https:\/\/api.w.org\/{rel}","templated":true}]}}